{"id":1168,"date":"2014-08-10T11:42:45","date_gmt":"2014-08-10T09:42:45","guid":{"rendered":"http:\/\/www.karinhaegi.ch\/?page_id=1168"},"modified":"2025-05-11T20:46:01","modified_gmt":"2025-05-11T18:46:01","slug":"01-personliches","status":"publish","type":"page","link":"https:\/\/www.karinhaegi.ch\/?page_id=1168","title":{"rendered":". Pers\u00f6nliches"},"content":{"rendered":"<p><strong>Politik ist:<br \/>\n<\/strong>mitreden wollen &#8211; mitmachen d\u00fcrfen &#8211; mitbestimmen k\u00f6nnen<\/p>\n<p>Am 06.10.1973 wurde ich in Baden geboren und bin in Ennetbaden aufgewachsen.<br \/>\nSeit 2002 lebe ich mit meinem Mann im ehemaligen Wohnhaus meiner Grosseltern in der Stadt Zug.<\/p>\n<p><strong><br \/>\nBerufliche Erfahrungen<br \/>\n<\/strong>seit 2024 Hochbauzeichnerin und Projektleiterin in Zug<br \/>\n2013 &#8211; 2023 Hochbauzeichnerin und Projektleiterin in Baar<br \/>\n2003 &#8211; 2012 Hochbauzeichnerin, Projektleiterin und Berufsbildnerin in Baar<br \/>\n1996 &#8211; 2002 Hochbauzeichnerin und Betreuung von Lernenden in Kilchberg ZH<br \/>\n1993 &#8211; 1996 Hochbauzeichnerin in Rieden AG<\/p>\n<p><strong>Ausbildung<br \/>\n<\/strong>2020 QS-Verantwortliche Brandschutz QSS1<br \/>\n2010 Minergie-Fachpartnerin<br \/>\n2008 Berufsbildnerin<br \/>\n1997 Certificate in advanced english<br \/>\n1989 &#8211; 1993 Lehre als Hochbauzeichnerin in Rieden AG<br \/>\n1980 &#8211; 1989 Schulen in Ennetbaden<\/p>\n<p><strong>Hobbys<br \/>\n<\/strong>In meiner Freizeit bin ich gerne in unserem Garten. Spannend finde ich die Ahnenforschung. Nebst dem Aufarbeiten der Familiengeschichte habe ich dadurch auch schon einige sch\u00f6ne Orte gesehen, interessante Personen kennengelernt und gute Gespr\u00e4che gef\u00fchrt.<\/p>\n","protected":false},"excerpt":{"rendered":"<p>Politik ist: mitreden wollen &#8211; mitmachen d\u00fcrfen &#8211; mitbestimmen k\u00f6nnen Am 06.10.1973 wurde ich in Baden geboren und bin in Ennetbaden aufgewachsen. Seit 2002 lebe ich mit meinem Mann im ehemaligen Wohnhaus meiner Grosseltern in der Stadt Zug. Berufliche Erfahrungen seit 2024 Hochbauzeichnerin und Projektleiterin in Zug 2013 &#8211; 2023 Hochbauzeichnerin und Projektleiterin in Baar [&hellip;]<\/p>\n","protected":false},"author":2,"featured_media":0,"parent":0,"menu_order":0,"comment_status":"closed","ping_status":"closed","template":"","meta":{"footnotes":""},"class_list":["post-1168","page","type-page","status-publish","hentry"],"_links":{"self":[{"href":"https:\/\/www.karinhaegi.ch\/index.php?rest_route=\/wp\/v2\/pages\/1168","targetHints":{"allow":["GET"]}}],"collection":[{"href":"https:\/\/www.karinhaegi.ch\/index.php?rest_route=\/wp\/v2\/pages"}],"about":[{"href":"https:\/\/www.karinhaegi.ch\/index.php?rest_route=\/wp\/v2\/types\/page"}],"author":[{"embeddable":true,"href":"https:\/\/www.karinhaegi.ch\/index.php?rest_route=\/wp\/v2\/users\/2"}],"replies":[{"embeddable":true,"href":"https:\/\/www.karinhaegi.ch\/index.php?rest_route=%2Fwp%2Fv2%2Fcomments&post=1168"}],"version-history":[{"count":29,"href":"https:\/\/www.karinhaegi.ch\/index.php?rest_route=\/wp\/v2\/pages\/1168\/revisions"}],"predecessor-version":[{"id":1385,"href":"https:\/\/www.karinhaegi.ch\/index.php?rest_route=\/wp\/v2\/pages\/1168\/revisions\/1385"}],"wp:attachment":[{"href":"https:\/\/www.karinhaegi.ch\/index.php?rest_route=%2Fwp%2Fv2%2Fmedia&parent=1168"}],"curies":[{"name":"wp","href":"https:\/\/api.w.org\/{rel}","templated":true}]}}